{"id":269,"date":"2023-02-11T10:14:24","date_gmt":"2023-02-11T10:14:24","guid":{"rendered":"https:\/\/ficcionclimatica.com\/?page_id=269"},"modified":"2025-07-12T16:09:46","modified_gmt":"2025-07-12T16:09:46","slug":"winterbicycle","status":"publish","type":"page","link":"https:\/\/ficcionclimatica.com\/?page_id=269","title":{"rendered":"Winter Bicycle"},"content":{"rendered":"\t\t<div data-elementor-type=\"wp-page\" data-elementor-id=\"269\" class=\"elementor elementor-269\" data-elementor-settings=\"[]\">\n\t\t\t\t\t\t\t<div class=\"elementor-section-wrap\">\n\t\t\t\t\t\t\t<section class=\"elementor-section elementor-top-section elementor-element elementor-element-194ae202 elementor-section-boxed elementor-section-height-default elementor-section-height-default\" data-id=\"194ae202\" data-element_type=\"section\">\n\t\t\t\t\t\t<div class=\"elementor-container elementor-column-gap-default\">\n\t\t\t\t\t<div class=\"elementor-column elementor-col-100 elementor-top-column elementor-element elementor-element-184ec648\" data-id=\"184ec648\" data-element_type=\"column\">\n\t\t\t<div class=\"elementor-widget-wrap elementor-element-populated\">\n\t\t\t\t\t\t\t\t<div class=\"elementor-element elementor-element-28cfdac0 elementor-widget elementor-widget-text-editor\" data-id=\"28cfdac0\" data-element_type=\"widget\" data-widget_type=\"text-editor.default\">\n\t\t\t\t<div class=\"elementor-widget-container\">\n\t\t\t<style>\/*! elementor - v3.5.4 - 23-01-2022 *\/\n.elementor-widget-text-editor.elementor-drop-cap-view-stacked .elementor-drop-cap{background-color:#818a91;color:#fff}.elementor-widget-text-editor.elementor-drop-cap-view-framed .elementor-drop-cap{color:#818a91;border:3px solid;background-color:transparent}.elementor-widget-text-editor:not(.elementor-drop-cap-view-default) .elementor-drop-cap{margin-top:8px}.elementor-widget-text-editor:not(.elementor-drop-cap-view-default) .elementor-drop-cap-letter{width:1em;height:1em}.elementor-widget-text-editor .elementor-drop-cap{float:left;text-align:center;line-height:1;font-size:50px}.elementor-widget-text-editor .elementor-drop-cap-letter{display:inline-block}<\/style>\t\t\t\t<p><style>\na.elmenu:link {<br \/>\tcolor: #00ccff;<br \/>}<\/p>\n<p>a.elmenu:visited {<br \/>\tcolor: #00ccff;<br \/>}<\/p>\n<p>a.elmenu:hover {<br \/>\tcolor: #ffffff;<br \/>}<\/p>\n<p>a.elmenu:active {<br \/>  background-color: #cccccc;<br \/>}<br \/><\/style><\/p>\n<p>\u00a0<\/p>\n<center>\n<p>\u00a0<\/p>\n<p><a href=\"https:\/\/ficcionclimatica.com\/?page_id=269\"><img loading=\"lazy\" decoding=\"async\" src=\"https:\/\/ficcionclimatica.com\/wp-content\/uploads\/2023\/02\/Logo-winterb-blanco-peq-1.png\" alt=\"logo winter bicycle, the film\" width=\"816\" height=\"333\" \/><\/a><\/p>\n<div style=\"color: #00ccff;\">\u00a0<\/div>\n<hr \/>\n<p>\u00a0<\/p>\n<\/center><center>\n<p><span style=\"background-color: transparent; color: #ff9900; font-family: Oswald, sans-serif; font-size: 30pt; white-space-collapse: preserve;\">Juega a Winter Bicycle<\/span><\/p>\n<div style=\"width: 65%; text-align: justify;\">\n<p dir=\"ltr\" style=\"font-weight: normal; line-height: 1.2; text-align: center; margin-top: 0pt; margin-bottom: 0pt;\"><strong><span style=\"font-size: 12pt; font-family: Ubuntu, sans-serif; color: #ff9900; background-color: transparent; font-variant-numeric: normal; font-variant-east-asian: normal; font-variant-alternates: normal; font-variant-position: normal; font-variant-emoji: normal; vertical-align: baseline; white-space-collapse: preserve;\">La aventura l\u00fadica de realidad virtual que simula el impacto<\/span><span style=\"font-size: 12pt; font-family: Ubuntu, sans-serif; color: #ff9900; background-color: transparent; font-variant-numeric: normal; font-variant-east-asian: normal; font-variant-alternates: normal; font-variant-position: normal; font-variant-emoji: normal; vertical-align: baseline; white-space-collapse: preserve;\"><br \/><\/span><span style=\"font-size: 12pt; font-family: Ubuntu, sans-serif; color: #ff9900; background-color: transparent; font-variant-numeric: normal; font-variant-east-asian: normal; font-variant-alternates: normal; font-variant-position: normal; font-variant-emoji: normal; vertical-align: baseline; white-space-collapse: preserve;\">del cambio clim\u00e1tico en una ciudad costera dentro de 40 a\u00f1os<\/span><\/strong><\/p>\n<h4>\u00a0<\/h4>\n<p dir=\"ltr\" style=\"line-height: 1.2; margin-top: 0pt; margin-bottom: 0pt;\"><span style=\"color: #ffffff;\"><span style=\"font-size: 11pt; font-family: Ubuntu, sans-serif; background-color: transparent; font-variant-numeric: normal; font-variant-east-asian: normal; font-variant-alternates: normal; font-variant-position: normal; font-variant-emoji: normal; vertical-align: baseline; white-space-collapse: preserve;\">Este videojuego colaborativo aborda la anticipaci\u00f3n clim\u00e1tica desde una perspectiva l\u00fadica e inmersiva, a partir de una aventura de realidad virtual cuyo objetivo es mostrar los impactos del cambio clim\u00e1tico mientras descubrimos una historia llena de misterios y retos que resolver. <\/span><span style=\"font-size: 11pt; font-family: Ubuntu, sans-serif; background-color: transparent; font-style: italic; font-variant-numeric: normal; font-variant-east-asian: normal; font-variant-alternates: normal; font-variant-position: normal; font-variant-emoji: normal; vertical-align: baseline; white-space-collapse: preserve;\">Winter Bicycle<\/span><span style=\"font-size: 11pt; font-family: Ubuntu, sans-serif; background-color: transparent; font-variant-numeric: normal; font-variant-east-asian: normal; font-variant-alternates: normal; font-variant-position: normal; font-variant-emoji: normal; vertical-align: baseline; white-space-collapse: preserve;\"> nos traslada a una ciudad costera en 2068 afectada por la subida del nivel del mar, la escasez de agua potable y los conflictos sociales. Pero tambi\u00e9n all\u00ed encontraremos grupos capaces de generar alternativas y luchar por un mundo mejor.<\/span><\/span><\/p>\n<div style=\"font-weight: normal;\"><span style=\"font-size: 11pt; font-family: Ubuntu, sans-serif; color: #ffffff; background-color: transparent; font-variant-numeric: normal; font-variant-east-asian: normal; font-variant-alternates: normal; font-variant-position: normal; font-variant-emoji: normal; vertical-align: baseline; white-space-collapse: preserve;\">\u00a0<\/span><\/div>\n<\/div>\n<div style=\"width: 65%; text-align: justify;\"><a href=\"http:\/\/www.winterbicycle.com\"><strong>ACCESO AL JUEGO WINTER BICYCLE\u00a0 \u00a0&gt;&gt;&gt;&gt;&gt;&gt;<\/strong><\/a><\/div>\n<div style=\"width: 65%; text-align: justify;\">\u00a0<\/div>\n<div style=\"width: 65%; text-align: justify;\"><strong><a href=\"http:\/\/www.winterbicycle.com\/about\">INFORMACI\u00d3N SOBRE WINTER BICYCLE\u00a0 \u00a0&gt;&gt;&gt;&gt;&gt;<\/a><\/strong><\/div>\n<div style=\"width: 65%; text-align: justify;\">\u00a0<\/div>\n<div style=\"width: 65%; text-align: justify;\">\u00a0<\/div>\n<div style=\"width: 65%; text-align: justify;\">\u00a0<\/div>\n<div style=\"width: 65%; text-align: justify;\">\u00a0<\/div>\n<p>\u00a0<\/p>\n<p>\u00a0<\/p>\n<\/center>\n<p>\u00a0<\/p>\t\t\t\t\t\t<\/div>\n\t\t\t\t<\/div>\n\t\t\t\t\t<\/div>\n\t\t<\/div>\n\t\t\t\t\t\t\t<\/div>\n\t\t<\/section>\n\t\t\t\t<section class=\"elementor-section elementor-top-section elementor-element elementor-element-d2784d1 elementor-section-boxed elementor-section-height-default elementor-section-height-default\" data-id=\"d2784d1\" data-element_type=\"section\">\n\t\t\t\t\t\t<div class=\"elementor-container elementor-column-gap-default\">\n\t\t\t\t\t<div class=\"elementor-column elementor-col-100 elementor-top-column elementor-element elementor-element-86dc5e4\" data-id=\"86dc5e4\" data-element_type=\"column\">\n\t\t\t<div class=\"elementor-widget-wrap elementor-element-populated\">\n\t\t\t\t\t\t\t\t<div class=\"elementor-element elementor-element-1a62d32 elementor-widget elementor-widget-text-editor\" data-id=\"1a62d32\" data-element_type=\"widget\" data-widget_type=\"text-editor.default\">\n\t\t\t\t<div class=\"elementor-widget-container\">\n\t\t\t\t\t\t\t<h4>\u00a0<\/h4>\t\t\t\t\t\t<\/div>\n\t\t\t\t<\/div>\n\t\t\t\t\t<\/div>\n\t\t<\/div>\n\t\t\t\t\t\t\t<\/div>\n\t\t<\/section>\n\t\t\t\t\t\t<\/div>\n\t\t\t\t\t<\/div>\n\t\t","protected":false},"excerpt":{"rendered":"<p>\u00a0 \u00a0 \u00a0 \u00a0 Juega a Winter Bicycle La aventura l\u00fadica de realidad virtual que&#8230;<\/p>\n","protected":false},"author":1,"featured_media":0,"parent":0,"menu_order":0,"comment_status":"closed","ping_status":"closed","template":"elementor_canvas","meta":{"footnotes":""},"class_list":["post-269","page","type-page","status-publish","hentry"],"_links":{"self":[{"href":"https:\/\/ficcionclimatica.com\/index.php?rest_route=\/wp\/v2\/pages\/269","targetHints":{"allow":["GET"]}}],"collection":[{"href":"https:\/\/ficcionclimatica.com\/index.php?rest_route=\/wp\/v2\/pages"}],"about":[{"href":"https:\/\/ficcionclimatica.com\/index.php?rest_route=\/wp\/v2\/types\/page"}],"author":[{"embeddable":true,"href":"https:\/\/ficcionclimatica.com\/index.php?rest_route=\/wp\/v2\/users\/1"}],"replies":[{"embeddable":true,"href":"https:\/\/ficcionclimatica.com\/index.php?rest_route=%2Fwp%2Fv2%2Fcomments&post=269"}],"version-history":[{"count":169,"href":"https:\/\/ficcionclimatica.com\/index.php?rest_route=\/wp\/v2\/pages\/269\/revisions"}],"predecessor-version":[{"id":1699,"href":"https:\/\/ficcionclimatica.com\/index.php?rest_route=\/wp\/v2\/pages\/269\/revisions\/1699"}],"wp:attachment":[{"href":"https:\/\/ficcionclimatica.com\/index.php?rest_route=%2Fwp%2Fv2%2Fmedia&parent=269"}],"curies":[{"name":"wp","href":"https:\/\/api.w.org\/{rel}","templated":true}]}}