{"id":311,"date":"2023-02-11T23:29:07","date_gmt":"2023-02-11T23:29:07","guid":{"rendered":"https:\/\/ficcionclimatica.com\/?page_id=311"},"modified":"2023-04-25T13:42:47","modified_gmt":"2023-04-25T13:42:47","slug":"la-pelicula","status":"publish","type":"page","link":"https:\/\/ficcionclimatica.com\/?page_id=311","title":{"rendered":"La pel\u00edcula"},"content":{"rendered":"\t\t<div data-elementor-type=\"wp-page\" data-elementor-id=\"311\" class=\"elementor elementor-311\" data-elementor-settings=\"[]\">\n\t\t\t\t\t\t\t<div class=\"elementor-section-wrap\">\n\t\t\t\t\t\t\t<section class=\"elementor-section elementor-top-section elementor-element elementor-element-43ebd9f elementor-section-boxed elementor-section-height-default elementor-section-height-default\" data-id=\"43ebd9f\" data-element_type=\"section\">\n\t\t\t\t\t\t<div class=\"elementor-container elementor-column-gap-default\">\n\t\t\t\t\t<div class=\"elementor-column elementor-col-100 elementor-top-column elementor-element elementor-element-d21df1c\" data-id=\"d21df1c\" data-element_type=\"column\">\n\t\t\t<div class=\"elementor-widget-wrap elementor-element-populated\">\n\t\t\t\t\t\t\t\t<section class=\"elementor-section elementor-inner-section elementor-element elementor-element-7e6b2fd elementor-section-boxed elementor-section-height-default elementor-section-height-default\" data-id=\"7e6b2fd\" data-element_type=\"section\">\n\t\t\t\t\t\t<div class=\"elementor-container elementor-column-gap-default\">\n\t\t\t\t\t<div class=\"elementor-column elementor-col-50 elementor-inner-column elementor-element elementor-element-3c12e32\" data-id=\"3c12e32\" data-element_type=\"column\">\n\t\t\t<div class=\"elementor-widget-wrap\">\n\t\t\t\t\t\t\t\t\t<\/div>\n\t\t<\/div>\n\t\t\t\t<div class=\"elementor-column elementor-col-50 elementor-inner-column elementor-element elementor-element-0bfc669\" data-id=\"0bfc669\" data-element_type=\"column\">\n\t\t\t<div class=\"elementor-widget-wrap\">\n\t\t\t\t\t\t\t\t\t<\/div>\n\t\t<\/div>\n\t\t\t\t\t\t\t<\/div>\n\t\t<\/section>\n\t\t\t\t\t<\/div>\n\t\t<\/div>\n\t\t\t\t\t\t\t<\/div>\n\t\t<\/section>\n\t\t\t\t<section class=\"elementor-section elementor-top-section elementor-element elementor-element-97c3234 elementor-section-boxed elementor-section-height-default elementor-section-height-default\" data-id=\"97c3234\" data-element_type=\"section\">\n\t\t\t\t\t\t<div class=\"elementor-container elementor-column-gap-default\">\n\t\t\t\t\t<div class=\"elementor-column elementor-col-100 elementor-top-column elementor-element elementor-element-5493e39\" data-id=\"5493e39\" data-element_type=\"column\">\n\t\t\t<div class=\"elementor-widget-wrap\">\n\t\t\t\t\t\t\t\t\t<\/div>\n\t\t<\/div>\n\t\t\t\t\t\t\t<\/div>\n\t\t<\/section>\n\t\t\t\t<section class=\"elementor-section elementor-top-section elementor-element elementor-element-4f24882 elementor-section-boxed elementor-section-height-default elementor-section-height-default\" data-id=\"4f24882\" data-element_type=\"section\">\n\t\t\t\t\t\t<div class=\"elementor-container elementor-column-gap-default\">\n\t\t\t\t\t<div class=\"elementor-column elementor-col-100 elementor-top-column elementor-element elementor-element-b8526fd\" data-id=\"b8526fd\" data-element_type=\"column\">\n\t\t\t<div class=\"elementor-widget-wrap elementor-element-populated\">\n\t\t\t\t\t\t\t\t<div class=\"elementor-element elementor-element-4e72c57 elementor-widget elementor-widget-text-editor\" data-id=\"4e72c57\" data-element_type=\"widget\" data-widget_type=\"text-editor.default\">\n\t\t\t\t<div class=\"elementor-widget-container\">\n\t\t\t<style>\/*! elementor - v3.5.4 - 23-01-2022 *\/\n.elementor-widget-text-editor.elementor-drop-cap-view-stacked .elementor-drop-cap{background-color:#818a91;color:#fff}.elementor-widget-text-editor.elementor-drop-cap-view-framed .elementor-drop-cap{color:#818a91;border:3px solid;background-color:transparent}.elementor-widget-text-editor:not(.elementor-drop-cap-view-default) .elementor-drop-cap{margin-top:8px}.elementor-widget-text-editor:not(.elementor-drop-cap-view-default) .elementor-drop-cap-letter{width:1em;height:1em}.elementor-widget-text-editor .elementor-drop-cap{float:left;text-align:center;line-height:1;font-size:50px}.elementor-widget-text-editor .elementor-drop-cap-letter{display:inline-block}<\/style>\t\t\t\t<!-- wp:paragraph -->\n<p><style>\na.elmenu:link {\n\tcolor: #00ccff;\n}\n\na.elmenu:visited {\n\tcolor: #00ccff;\n}\n\na.elmenu:hover {\n\tcolor: #ffffff;\n}\n\na.elmenu:active {\n  background-color: #cccccc;\n} \n<\/style><\/p>\n<center>\n<p><a href=\"https:\/\/ficcionclimatica.com\/?page_id=269\"><img loading=\"lazy\" decoding=\"async\" class=\"wp-image-291 size-full aligncenter\" src=\"https:\/\/ficcionclimatica.com\/wp-content\/uploads\/2023\/02\/Logo-winterb-blanco-peq-1.png\" alt=\"logo winter bicycle, the film\" width=\"816\" height=\"333\" srcset=\"https:\/\/ficcionclimatica.com\/wp-content\/uploads\/2023\/02\/Logo-winterb-blanco-peq-1.png 816w, https:\/\/ficcionclimatica.com\/wp-content\/uploads\/2023\/02\/Logo-winterb-blanco-peq-1-300x122.png 300w, https:\/\/ficcionclimatica.com\/wp-content\/uploads\/2023\/02\/Logo-winterb-blanco-peq-1-768x313.png 768w\" sizes=\"auto, (max-width: 816px) 100vw, 816px\" \/><\/a><\/p>\n<div style=\"color: #00ccff;\"><a class=\"elmenu\" href=\"https:\/\/ficcionclimatica.com\/?page_id=311\">LA PEL\u00cdCULA<\/a> |\u00a0 <a class=\"elmenu\" href=\"https:\/\/ficcionclimatica.com\/?page_id=358\">NOVELA GR\u00c1FICA<\/a>\u00a0 |\u00a0 <a class=\"elmenu\" href=\"https:\/\/ficcionclimatica.com\/?page_id=424\">VIDEOJUEGO<\/a>\u00a0 |\u00a0 \u00a0<a class=\"elmenu\" href=\"https:\/\/ficcionclimatica.com\/?page_id=411\">PROYECTO EDUCATIVO<\/a>\u00a0 |\u00a0 <a class=\"elmenu\" href=\"https:\/\/ficcionclimatica.com\/?page_id=414\">ANTICIPACI\u00d3N CLIM\u00c1TICA<\/a> |\u00a0 <a class=\"elmenu\" href=\"https:\/\/ficcionclimatica.com\/?page_id=418\">CONTACTAR<\/a>\u00a0<\/div>\n<hr \/>\t\t\t\t\t\t<\/div>\n\t\t\t\t<\/div>\n\t\t\t\t\t<\/div>\n\t\t<\/div>\n\t\t\t\t\t\t\t<\/div>\n\t\t<\/section>\n\t\t\t\t<section class=\"elementor-section elementor-top-section elementor-element elementor-element-054fc7b elementor-section-full_width elementor-section-stretched elementor-section-height-default elementor-section-height-default\" data-id=\"054fc7b\" data-element_type=\"section\" data-settings=\"{&quot;stretch_section&quot;:&quot;section-stretched&quot;}\">\n\t\t\t\t\t\t<div class=\"elementor-container elementor-column-gap-default\">\n\t\t\t\t\t<div class=\"elementor-column elementor-col-100 elementor-top-column elementor-element elementor-element-ad0dc1f\" data-id=\"ad0dc1f\" data-element_type=\"column\">\n\t\t\t<div class=\"elementor-widget-wrap elementor-element-populated\">\n\t\t\t\t\t\t\t\t<div class=\"elementor-element elementor-element-fe4908a elementor-arrows-position-inside elementor-pagination-position-outside elementor-widget elementor-widget-image-carousel\" data-id=\"fe4908a\" data-element_type=\"widget\" data-settings=\"{&quot;pause_on_hover&quot;:&quot;no&quot;,&quot;autoplay_speed&quot;:500,&quot;speed&quot;:1300,&quot;navigation&quot;:&quot;both&quot;,&quot;autoplay&quot;:&quot;yes&quot;,&quot;pause_on_interaction&quot;:&quot;yes&quot;,&quot;infinite&quot;:&quot;yes&quot;}\" data-widget_type=\"image-carousel.default\">\n\t\t\t\t<div class=\"elementor-widget-container\">\n\t\t\t<style>\/*! elementor - v3.5.4 - 23-01-2022 *\/\n.elementor-widget-image-carousel .swiper-container{position:static}.elementor-widget-image-carousel .swiper-container .swiper-slide figure{line-height:inherit}.elementor-widget-image-carousel .swiper-slide{text-align:center}.elementor-image-carousel-wrapper:not(.swiper-container-initialized) .swiper-slide{max-width:calc(100% \/ var(--e-image-carousel-slides-to-show, 3))}<\/style>\t\t<div class=\"elementor-image-carousel-wrapper swiper-container\" dir=\"ltr\">\n\t\t\t<div class=\"elementor-image-carousel swiper-wrapper\">\n\t\t\t\t\t\t\t\t<div class=\"swiper-slide\"><figure class=\"swiper-slide-inner\"><img decoding=\"async\" class=\"swiper-slide-image\" src=\"https:\/\/ficcionclimatica.com\/wp-content\/uploads\/2023\/03\/garage1.jpg\" alt=\"garage1\" \/><\/figure><\/div><div class=\"swiper-slide\"><figure class=\"swiper-slide-inner\"><img decoding=\"async\" class=\"swiper-slide-image\" src=\"https:\/\/ficcionclimatica.com\/wp-content\/uploads\/2023\/03\/garage2.jpg\" alt=\"garage2\" \/><\/figure><\/div><div class=\"swiper-slide\"><figure class=\"swiper-slide-inner\"><img decoding=\"async\" class=\"swiper-slide-image\" src=\"https:\/\/ficcionclimatica.com\/wp-content\/uploads\/2023\/03\/garage3.jpg\" alt=\"garage3\" \/><\/figure><\/div><div class=\"swiper-slide\"><figure class=\"swiper-slide-inner\"><img decoding=\"async\" class=\"swiper-slide-image\" src=\"https:\/\/ficcionclimatica.com\/wp-content\/uploads\/2023\/03\/garage4.jpg\" alt=\"garage4\" \/><\/figure><\/div><div class=\"swiper-slide\"><figure class=\"swiper-slide-inner\"><img decoding=\"async\" class=\"swiper-slide-image\" src=\"https:\/\/ficcionclimatica.com\/wp-content\/uploads\/2023\/03\/garage5.jpg\" alt=\"garage5\" \/><\/figure><\/div><div class=\"swiper-slide\"><figure class=\"swiper-slide-inner\"><img decoding=\"async\" class=\"swiper-slide-image\" src=\"https:\/\/ficcionclimatica.com\/wp-content\/uploads\/2023\/03\/garage6.jpg\" alt=\"garage6\" \/><\/figure><\/div><div class=\"swiper-slide\"><figure class=\"swiper-slide-inner\"><img decoding=\"async\" class=\"swiper-slide-image\" src=\"https:\/\/ficcionclimatica.com\/wp-content\/uploads\/2023\/03\/garage7.jpg\" alt=\"garage7\" \/><\/figure><\/div><div class=\"swiper-slide\"><figure class=\"swiper-slide-inner\"><img decoding=\"async\" class=\"swiper-slide-image\" src=\"https:\/\/ficcionclimatica.com\/wp-content\/uploads\/2023\/03\/garage8.jpg\" alt=\"garage8\" \/><\/figure><\/div><div class=\"swiper-slide\"><figure class=\"swiper-slide-inner\"><img decoding=\"async\" class=\"swiper-slide-image\" src=\"https:\/\/ficcionclimatica.com\/wp-content\/uploads\/2023\/03\/garage9.jpg\" alt=\"garage9\" \/><\/figure><\/div><div class=\"swiper-slide\"><figure class=\"swiper-slide-inner\"><img decoding=\"async\" class=\"swiper-slide-image\" src=\"https:\/\/ficcionclimatica.com\/wp-content\/uploads\/2023\/03\/garage10.jpg\" alt=\"garage10\" \/><\/figure><\/div>\t\t\t<\/div>\n\t\t\t\t\t\t\t\t\t\t\t\t<div class=\"swiper-pagination\"><\/div>\n\t\t\t\t\t\t\t\t\t\t\t\t\t<div class=\"elementor-swiper-button elementor-swiper-button-prev\">\n\t\t\t\t\t\t<i aria-hidden=\"true\" class=\"eicon-chevron-left\"><\/i>\t\t\t\t\t\t<span class=\"elementor-screen-only\">Anterior<\/span>\n\t\t\t\t\t<\/div>\n\t\t\t\t\t<div class=\"elementor-swiper-button elementor-swiper-button-next\">\n\t\t\t\t\t\t<i aria-hidden=\"true\" class=\"eicon-chevron-right\"><\/i>\t\t\t\t\t\t<span class=\"elementor-screen-only\">Siguiente<\/span>\n\t\t\t\t\t<\/div>\n\t\t\t\t\t\t\t\t\t<\/div>\n\t\t\t\t<\/div>\n\t\t\t\t<\/div>\n\t\t\t\t\t<\/div>\n\t\t<\/div>\n\t\t\t\t\t\t\t<\/div>\n\t\t<\/section>\n\t\t\t\t<section class=\"elementor-section elementor-top-section elementor-element elementor-element-d6363bf elementor-section-boxed elementor-section-height-default elementor-section-height-default\" data-id=\"d6363bf\" data-element_type=\"section\">\n\t\t\t\t\t\t<div class=\"elementor-container elementor-column-gap-default\">\n\t\t\t\t\t<div class=\"elementor-column elementor-col-100 elementor-top-column elementor-element elementor-element-4f394dc\" data-id=\"4f394dc\" data-element_type=\"column\">\n\t\t\t<div class=\"elementor-widget-wrap elementor-element-populated\">\n\t\t\t\t\t\t\t\t<div class=\"elementor-element elementor-element-e4fd94f elementor-widget elementor-widget-text-editor\" data-id=\"e4fd94f\" data-element_type=\"widget\" data-widget_type=\"text-editor.default\">\n\t\t\t\t<div class=\"elementor-widget-container\">\n\t\t\t\t\t\t\t<center>\n<div style=\"width: 80%; text-align: justify;\">\n<p>\u00a0<\/p>\n<h3><span style=\"color: #ffff00;\"><em>Alicante, Junio de 2068<\/em><\/span><\/h3>\n<h3><span style=\"color: #999999;\">Nicol se acaba de prejubilar, pero los veranos ya no son lo que eran. Hoy es su primer d\u00eda alejada de eMotor, la principal empresa fabricante de autom\u00f3viles en la que ha llegado a ser Directora General. Justamente por ello acaba de recibir una carta legal del que ser\u00e1 el Juicio del Siglo. En \u00e9l tendr\u00e1 que defenderse, repasar toda su vida y recordar a Berta: \u00bfqu\u00e9 habr\u00e1 sido de esa joven amiga con la que compart\u00eda apuntes de ingenier\u00eda, dise\u00f1os de bicicletas y aventuras?<\/span><\/h3>\n<p><img loading=\"lazy\" decoding=\"async\" class=\"aligncenter wp-image-325 size-full\" src=\"https:\/\/ficcionclimatica.com\/wp-content\/uploads\/2023\/02\/MAPAFOTOGRAMAS.png\" alt=\"\" width=\"1238\" height=\"1067\" srcset=\"https:\/\/ficcionclimatica.com\/wp-content\/uploads\/2023\/02\/MAPAFOTOGRAMAS.png 1238w, https:\/\/ficcionclimatica.com\/wp-content\/uploads\/2023\/02\/MAPAFOTOGRAMAS-300x259.png 300w, https:\/\/ficcionclimatica.com\/wp-content\/uploads\/2023\/02\/MAPAFOTOGRAMAS-1024x883.png 1024w, https:\/\/ficcionclimatica.com\/wp-content\/uploads\/2023\/02\/MAPAFOTOGRAMAS-768x662.png 768w\" sizes=\"auto, (max-width: 1238px) 100vw, 1238px\" \/><\/p>\n<\/div>\n<h3>\u00a0<\/h3>\n<div style=\"width: 70%;\">\n<h3>Winter Bicycle es una pel\u00edcula de animaci\u00f3n 2D de ficci\u00f3n clim\u00e1tica o <em>cli-fi,<\/em> un g\u00e9nero de ciencia ficci\u00f3n que aporta narrativas creativas a la anticipaci\u00f3n clim\u00e1tica.<\/h3>\n<h4>\u00a0<\/h4>\n<h4><strong>Berta y Nicol han sido compa\u00f1eras en la Facultad y son ingenieras especializadas en movilidad sostenible. Ganaron un certamen de innovaci\u00f3n de la gran empresa del autom\u00f3vil eMotor, pero s\u00f3lo Nicol terminar\u00e1 trabajando para esta gran compa\u00f1\u00eda. \u00bfQu\u00e9 habr\u00e1 sido de ellas? Aqu\u00ed las tienes junto a otros personajes de la pel\u00edcula. Haz clic sobre ellos para conocerlos mejor:<\/strong><\/h4>\n<h3><a href=\"https:\/\/ficcionclimatica.com\/wp-content\/uploads\/2023\/04\/Nicol-desarrollo.pdf\" target=\"_blank\" rel=\"noopener\"><img loading=\"lazy\" decoding=\"async\" class=\"alignnone wp-image-1200 size-full\" src=\"https:\/\/ficcionclimatica.com\/wp-content\/uploads\/2023\/04\/personajewb_Nicol_TRANS.png\" alt=\"\" width=\"264\" height=\"515\" srcset=\"https:\/\/ficcionclimatica.com\/wp-content\/uploads\/2023\/04\/personajewb_Nicol_TRANS.png 264w, https:\/\/ficcionclimatica.com\/wp-content\/uploads\/2023\/04\/personajewb_Nicol_TRANS-154x300.png 154w\" sizes=\"auto, (max-width: 264px) 100vw, 264px\" \/><\/a><a href=\"https:\/\/ficcionclimatica.com\/wp-content\/uploads\/2023\/04\/Berta-desarrollo.pdf\" target=\"_blank\" rel=\"noopener\"><img loading=\"lazy\" decoding=\"async\" class=\"alignnone wp-image-1201 size-full\" src=\"https:\/\/ficcionclimatica.com\/wp-content\/uploads\/2023\/04\/personajewb_Berta_TRANS.png\" alt=\"\" width=\"264\" height=\"515\" srcset=\"https:\/\/ficcionclimatica.com\/wp-content\/uploads\/2023\/04\/personajewb_Berta_TRANS.png 264w, https:\/\/ficcionclimatica.com\/wp-content\/uploads\/2023\/04\/personajewb_Berta_TRANS-154x300.png 154w\" sizes=\"auto, (max-width: 264px) 100vw, 264px\" \/><\/a><a href=\"https:\/\/ficcionclimatica.com\/wp-content\/uploads\/2023\/04\/cartero-Mo-desarrollo.pdf\" target=\"_blank\" rel=\"noopener\"><img loading=\"lazy\" decoding=\"async\" class=\"alignnone wp-image-1205\" src=\"https:\/\/ficcionclimatica.com\/wp-content\/uploads\/2023\/04\/personajewb_MO_TRANS.png\" alt=\"\" width=\"280\" height=\"546\" srcset=\"https:\/\/ficcionclimatica.com\/wp-content\/uploads\/2023\/04\/personajewb_MO_TRANS.png 264w, https:\/\/ficcionclimatica.com\/wp-content\/uploads\/2023\/04\/personajewb_MO_TRANS-154x300.png 154w\" sizes=\"auto, (max-width: 280px) 100vw, 280px\" \/><\/a><\/h3>\n<h3>\u00a0<\/h3>\n<h3>\u00a0<\/h3>\n<h3><a href=\"https:\/\/ficcionclimatica.com\/wp-content\/uploads\/2023\/04\/abogada-lena-desarrollo.pdf\" target=\"_blank\" rel=\"noopener\"><img loading=\"lazy\" decoding=\"async\" class=\"alignnone wp-image-1204 size-full\" src=\"https:\/\/ficcionclimatica.com\/wp-content\/uploads\/2023\/04\/personajewb_lena_TRANS.png\" alt=\"\" width=\"264\" height=\"515\" srcset=\"https:\/\/ficcionclimatica.com\/wp-content\/uploads\/2023\/04\/personajewb_lena_TRANS.png 264w, https:\/\/ficcionclimatica.com\/wp-content\/uploads\/2023\/04\/personajewb_lena_TRANS-154x300.png 154w\" sizes=\"auto, (max-width: 264px) 100vw, 264px\" \/><\/a><a href=\"https:\/\/ficcionclimatica.com\/wp-content\/uploads\/2023\/04\/blas-el-portero-desarrollo.pdf\" target=\"_blank\" rel=\"noopener\"><img loading=\"lazy\" decoding=\"async\" class=\"alignnone wp-image-1202\" src=\"https:\/\/ficcionclimatica.com\/wp-content\/uploads\/2023\/04\/personajewb_blas_TRANS.png\" alt=\"\" width=\"300\" height=\"585\" srcset=\"https:\/\/ficcionclimatica.com\/wp-content\/uploads\/2023\/04\/personajewb_blas_TRANS.png 264w, https:\/\/ficcionclimatica.com\/wp-content\/uploads\/2023\/04\/personajewb_blas_TRANS-154x300.png 154w\" sizes=\"auto, (max-width: 300px) 100vw, 300px\" \/><\/a><a href=\"https:\/\/ficcionclimatica.com\/wp-content\/uploads\/2023\/04\/Senoria-Ollerey-desarrollo.pdf\" target=\"_blank\" rel=\"noopener\"><img loading=\"lazy\" decoding=\"async\" class=\"alignnone wp-image-1203\" src=\"https:\/\/ficcionclimatica.com\/wp-content\/uploads\/2023\/04\/personajewb_jueza_TRANS.png\" alt=\"\" width=\"280\" height=\"546\" srcset=\"https:\/\/ficcionclimatica.com\/wp-content\/uploads\/2023\/04\/personajewb_jueza_TRANS.png 264w, https:\/\/ficcionclimatica.com\/wp-content\/uploads\/2023\/04\/personajewb_jueza_TRANS-154x300.png 154w\" sizes=\"auto, (max-width: 280px) 100vw, 280px\" \/><\/a><\/h3>\n<h3>\u00a0<\/h3>\n<h3 style=\"text-align: left;\"><span style=\"color: #ffff00;\">Qu\u00e9 tipo de pel\u00edcula es Winter Bicycle<br \/><\/span><\/h3>\n<div align=\"justify\">\n<h4>Winter Bicycle es una pel\u00edcula de animaci\u00f3n 2d basada en transiciones vectoriales a partir de ilustraciones bitmap. La versatilidad de esta t\u00e9cnica permite que en ella participen personas no profesionales en el campo de la animaci\u00f3n<\/h4>\n<h4>En cuanto a la tem\u00e1tica de la pel\u00edcula, es una narrativa de ficci\u00f3n clim\u00e1tica que anticipa escenarios futuros a trav\u00e9s de personajes que se extienden a lo largo de varias d\u00e9cadas. De esta forma, se ofrece una mirada no apocal\u00edptica de la crisis clim\u00e1tica sino vinculada a posibles escenarios futuros. Esto nos permite debatir las distintas formas de afrontar el cambio clim\u00e1tico y las respectivas pol\u00edticas de adaptaci\u00f3n y mitigaci\u00f3n..<\/h4>\n<\/div>\n<p>\u00a0<\/p>\n<h3 style=\"text-align: left;\"><span style=\"color: #ffff00;\">Qu\u00e9 es la ficci\u00f3n clim\u00e1tica o cli-fi<\/span><\/h3>\n<div align=\"justify\">\n<h4>La ficci\u00f3n clim\u00e1tica o <em>cli-fi<\/em> es un g\u00e9nero literario y cinematogr\u00e1fico que explora los posibles futuros que el cambio clim\u00e1tico nos deparar\u00e1, poniendo en el centro c\u00f3mo la desertificaci\u00f3n, los fen\u00f3menos clim\u00e1ticos extremos o la subida de las aguas amenazar\u00e1n gravemente nuestra civilizaci\u00f3n y nuestra futura supervivencia, as\u00ed como la del resto de compa\u00f1eros planetarios no humanos.<\/h4>\n<h4>Aparentemente, fue el periodista y divulgador del cambio clim\u00e1tico Dan Bloom quien acu\u00f1a el t\u00e9rmino en 2007 con la finalidad de hacerlo llegar al gran p\u00fablico. A\u00f1os m\u00e1s tarde, en 2012, Margaret Atwood lo utiliza en un tweet y a partir de ese momento experimenta una gran difusi\u00f3n a trav\u00e9s de art\u00edculos aparecidos en prensa brit\u00e1nica y estadounidense en 2013, entre otros, el art\u00edculo \u00abCli-Fi: Birth of a Genre\u00bb de Rebecca Tuhus-Dubrow, ampliamente citado despu\u00e9s entre la comunidad acad\u00e9mica y que es uno de los textos que mejor establece las caracter\u00edsticas del g\u00e9nero y sus antecedentes.\u00a0<\/h4>\n<h4>Originalmente se ha venido definiendo la ficci\u00f3n clim\u00e1tica como un subg\u00e9nero de la ciencia ficci\u00f3n (de ah\u00ed su denominaci\u00f3n <em>cli-fi<\/em>, en referencia a la <em>sci-fi<\/em>, que tambi\u00e9n podemos adaptar al espa\u00f1ol como \u00abclima ficci\u00f3n\u00bb) o de la ficci\u00f3n especulativa. La diferencia con ese gran continente de la ciencia ficci\u00f3n estribaba en que, en palabras de P\u00e9rez de los Cobos \u00aba diferencia de la ciencia ficci\u00f3n tradicional, sus temas principales ya no se refieren a tecnolog\u00edas imaginarias o planetas lejanos, sino que se centran en el impacto de la contaminaci\u00f3n, el aumento del nivel del mar o la amenaza global sobre la civilizaci\u00f3n humana\u00bb.\u00a0<\/h4>\n<p><span style=\"color: #ffff00;\"><a style=\"color: #ffff00;\" href=\"https:\/\/ficcionclimatica.com\/\">&lt; M\u00e1s sobre Ficci\u00f3n Clim\u00e1tica<\/a> &gt;<\/span><\/p>\n<\/div>\n<p>\u00a0<\/p>\n<\/div>\n<\/center>\n<p>\u00a0<\/p>\t\t\t\t\t\t<\/div>\n\t\t\t\t<\/div>\n\t\t\t\t\t<\/div>\n\t\t<\/div>\n\t\t\t\t\t\t\t<\/div>\n\t\t<\/section>\n\t\t\t\t<section class=\"elementor-section elementor-top-section elementor-element elementor-element-379ede4 elementor-section-boxed elementor-section-height-default elementor-section-height-default\" data-id=\"379ede4\" data-element_type=\"section\">\n\t\t\t\t\t\t<div class=\"elementor-container elementor-column-gap-default\">\n\t\t\t\t\t<div class=\"elementor-column elementor-col-100 elementor-top-column elementor-element elementor-element-ddff83c\" data-id=\"ddff83c\" data-element_type=\"column\">\n\t\t\t<div class=\"elementor-widget-wrap elementor-element-populated\">\n\t\t\t\t\t\t\t\t<div class=\"elementor-element elementor-element-357995b elementor-widget elementor-widget-text-editor\" data-id=\"357995b\" data-element_type=\"widget\" data-widget_type=\"text-editor.default\">\n\t\t\t\t<div class=\"elementor-widget-container\">\n\t\t\t\t\t\t\t<p style=\"text-align: center;\"><span style=\"color: #cccccc;\">Proyecto Innova-Docencia 2022-2023 n.\u00ba 330 de la Universidad Complutense de Madrid:<\/span><br \/><span style=\"color: #cccccc;\">\u201cLa ficci\u00f3n clim\u00e1tica como recurso educativo en comunicaci\u00f3n audiovisual y publicidad\u201d.<\/span><\/p>\t\t\t\t\t\t<\/div>\n\t\t\t\t<\/div>\n\t\t\t\t\t<\/div>\n\t\t<\/div>\n\t\t\t\t\t\t\t<\/div>\n\t\t<\/section>\n\t\t\t\t\t\t<\/div>\n\t\t\t\t\t<\/div>\n\t\t","protected":false},"excerpt":{"rendered":"<p>LA PEL\u00cdCULA |\u00a0 NOVELA GR\u00c1FICA\u00a0 |\u00a0 VIDEOJUEGO\u00a0 |\u00a0 \u00a0PROYECTO EDUCATIVO\u00a0 |\u00a0 ANTICIPACI\u00d3N CLIM\u00c1TICA |\u00a0 CONTACTAR\u00a0&#8230;<\/p>\n","protected":false},"author":1,"featured_media":0,"parent":0,"menu_order":0,"comment_status":"closed","ping_status":"closed","template":"elementor_canvas","meta":{"footnotes":""},"class_list":["post-311","page","type-page","status-publish","hentry"],"_links":{"self":[{"href":"https:\/\/ficcionclimatica.com\/index.php?rest_route=\/wp\/v2\/pages\/311","targetHints":{"allow":["GET"]}}],"collection":[{"href":"https:\/\/ficcionclimatica.com\/index.php?rest_route=\/wp\/v2\/pages"}],"about":[{"href":"https:\/\/ficcionclimatica.com\/index.php?rest_route=\/wp\/v2\/types\/page"}],"author":[{"embeddable":true,"href":"https:\/\/ficcionclimatica.com\/index.php?rest_route=\/wp\/v2\/users\/1"}],"replies":[{"embeddable":true,"href":"https:\/\/ficcionclimatica.com\/index.php?rest_route=%2Fwp%2Fv2%2Fcomments&post=311"}],"version-history":[{"count":151,"href":"https:\/\/ficcionclimatica.com\/index.php?rest_route=\/wp\/v2\/pages\/311\/revisions"}],"predecessor-version":[{"id":1232,"href":"https:\/\/ficcionclimatica.com\/index.php?rest_route=\/wp\/v2\/pages\/311\/revisions\/1232"}],"wp:attachment":[{"href":"https:\/\/ficcionclimatica.com\/index.php?rest_route=%2Fwp%2Fv2%2Fmedia&parent=311"}],"curies":[{"name":"wp","href":"https:\/\/api.w.org\/{rel}","templated":true}]}}