{"id":424,"date":"2023-02-13T21:16:46","date_gmt":"2023-02-13T21:16:46","guid":{"rendered":"https:\/\/ficcionclimatica.com\/?page_id=424"},"modified":"2024-06-16T20:26:30","modified_gmt":"2024-06-16T20:26:30","slug":"videojuego","status":"publish","type":"page","link":"https:\/\/ficcionclimatica.com\/?page_id=424","title":{"rendered":"Videojuego"},"content":{"rendered":"\t\t<div data-elementor-type=\"wp-page\" data-elementor-id=\"424\" class=\"elementor elementor-424\" data-elementor-settings=\"[]\">\n\t\t\t\t\t\t\t<div class=\"elementor-section-wrap\">\n\t\t\t\t\t\t\t<section class=\"elementor-section elementor-top-section elementor-element elementor-element-6caaa9b7 elementor-section-boxed elementor-section-height-default elementor-section-height-default\" data-id=\"6caaa9b7\" data-element_type=\"section\">\n\t\t\t\t\t\t<div class=\"elementor-container elementor-column-gap-default\">\n\t\t\t\t\t<div class=\"elementor-column elementor-col-100 elementor-top-column elementor-element elementor-element-621dad30\" data-id=\"621dad30\" data-element_type=\"column\">\n\t\t\t<div class=\"elementor-widget-wrap elementor-element-populated\">\n\t\t\t\t\t\t\t\t<div class=\"elementor-element elementor-element-61ddc90e elementor-widget elementor-widget-text-editor\" data-id=\"61ddc90e\" data-element_type=\"widget\" data-widget_type=\"text-editor.default\">\n\t\t\t\t<div class=\"elementor-widget-container\">\n\t\t\t<style>\/*! elementor - v3.5.4 - 23-01-2022 *\/\n.elementor-widget-text-editor.elementor-drop-cap-view-stacked .elementor-drop-cap{background-color:#818a91;color:#fff}.elementor-widget-text-editor.elementor-drop-cap-view-framed .elementor-drop-cap{color:#818a91;border:3px solid;background-color:transparent}.elementor-widget-text-editor:not(.elementor-drop-cap-view-default) .elementor-drop-cap{margin-top:8px}.elementor-widget-text-editor:not(.elementor-drop-cap-view-default) .elementor-drop-cap-letter{width:1em;height:1em}.elementor-widget-text-editor .elementor-drop-cap{float:left;text-align:center;line-height:1;font-size:50px}.elementor-widget-text-editor .elementor-drop-cap-letter{display:inline-block}<\/style>\t\t\t\t<p><!-- wp:paragraph --><\/p>\n<p><style>\na.elmenu:link {<br \/>\tcolor: #00ccff;<br \/>}<\/p>\n<p>a.elmenu:visited {<br \/>\tcolor: #00ccff;<br \/>}<\/p>\n<p>a.elmenu:hover {<br \/>\tcolor: #ffffff;<br \/>}<\/p>\n<p>a.elmenu:active {<br \/>  background-color: #cccccc;<br \/>}<br \/><\/style><\/p>\n<center>\n<p><a href=\"https:\/\/ficcionclimatica.com\/?page_id=269\"><img loading=\"lazy\" decoding=\"async\" src=\"https:\/\/ficcionclimatica.com\/wp-content\/uploads\/2023\/02\/Logo-winterb-blanco-peq-1.png\" alt=\"logo winter bicycle, the film\" width=\"816\" height=\"333\" \/><\/a><\/p>\n<div style=\"color: #00ccff;\"><a href=\"https:\/\/ficcionclimatica.com\/?page_id=311\">LA PEL\u00cdCULA<\/a> |\u00a0 <a href=\"https:\/\/ficcionclimatica.com\/?page_id=358\">NOVELA GR\u00c1FICA<\/a>\u00a0 |\u00a0 <a href=\"https:\/\/ficcionclimatica.com\/?page_id=424\">VIDEOJUEGO<\/a>\u00a0 |\u00a0 \u00a0<a href=\"https:\/\/ficcionclimatica.com\/?page_id=411\">PROYECTO EDUCATIVO<\/a>\u00a0 |\u00a0 <a href=\"https:\/\/ficcionclimatica.com\/?page_id=414\">ANTICIPACI\u00d3N CLIM\u00c1TICA<\/a> |\u00a0 <a href=\"https:\/\/ficcionclimatica.com\/?page_id=418\">CONTACTAR<\/a>\u00a0<\/div>\n<hr \/>\n<p>\u00a0<\/p>\n<\/center>\n<p>\u00a0<\/p>\n<div>\n<h4><img loading=\"lazy\" decoding=\"async\" class=\"alignnone size-full wp-image-1266\" src=\"https:\/\/ficcionclimatica.com\/wp-content\/uploads\/2023\/11\/IMG_20231104_230202_409-e1718398502838.jpg\" alt=\"\" width=\"1280\" height=\"620\" srcset=\"https:\/\/ficcionclimatica.com\/wp-content\/uploads\/2023\/11\/IMG_20231104_230202_409-e1718398502838.jpg 1280w, https:\/\/ficcionclimatica.com\/wp-content\/uploads\/2023\/11\/IMG_20231104_230202_409-e1718398502838-300x145.jpg 300w, https:\/\/ficcionclimatica.com\/wp-content\/uploads\/2023\/11\/IMG_20231104_230202_409-e1718398502838-1024x496.jpg 1024w, https:\/\/ficcionclimatica.com\/wp-content\/uploads\/2023\/11\/IMG_20231104_230202_409-e1718398502838-768x372.jpg 768w\" sizes=\"auto, (max-width: 1280px) 100vw, 1280px\" \/><\/h4>\n<h4>\u00a0<\/h4>\n<h4>Nicol se acaba de jubilar tras dirigir la mayor compa\u00f1\u00eda automovil\u00edstica del mundo. En la universidad aprendi\u00f3 a dise\u00f1ar veh\u00edculos, pero tambi\u00e9n conoci\u00f3 a su gran amiga Berta. Juntas crearon Winter Bicycle, un prototipo de bicicleta que les cambi\u00f3 la vida.<\/h4>\n<h1><span style=\"color: #ffff00;\">\u00bfQu\u00e9 habr\u00e1 sido de Berta?<\/span><\/h1>\n<h4><strong><span style=\"color: #ffff00;\">El videojuego Winter Bicycle<\/span> es una aventura gr\u00e1fica dise\u00f1ada para Web donde tendremos que ir recopilando pruebas y pistas hasta descubrir qu\u00e9 ha pasado con Berta, la gran amiga de Nicol. Para ello, habr\u00e1 que recorrer el mapa de la ciudad donde viven las protagonistas e ir superando obst\u00e1culos. Mientras, aprenderemos qu\u00e9 impactos puede tener el cambio clim\u00e1tico en nuestras vidas y c\u00f3mo podemos adaptarnos a ellos.<\/strong><\/h4>\n<\/div>\n<div>\u00a0<\/div>\n<div style=\"text-align: center;\"><a href=\"http:\/\/www.winterbicycle.com\"><img loading=\"lazy\" decoding=\"async\" class=\"alignnone size-full wp-image-1452\" src=\"https:\/\/ficcionclimatica.com\/wp-content\/uploads\/2024\/06\/wbpreloader.gif\" alt=\"\" width=\"500\" height=\"234\" \/><\/a><\/div>\n<div>\u00a0<\/div>\n<p><span style=\"color: #ffffff;\"><strong>Durante el juego comprobaremos que Berta y Nicol, las protagonistas, debe utilizar su creatividad para resolver los problemas que el cambio clim\u00e1tico supone. Su ingenio ser\u00e1 esencial en la adaptaci\u00f3n al nuevo escenario clim\u00e1tico.<\/strong><\/span><\/p>\n<center>\n<p>\u00a0<\/p>\n<p><a href=\"http:\/\/www.winterbicycle.com\"><img loading=\"lazy\" decoding=\"async\" class=\"alignnone size-full wp-image-1287\" src=\"https:\/\/ficcionclimatica.com\/wp-content\/uploads\/2023\/12\/logo-wb-_-las-dos-con-maqueta-wb.png\" alt=\"Las dos con su maqueta\" width=\"1472\" height=\"1026\" srcset=\"https:\/\/ficcionclimatica.com\/wp-content\/uploads\/2023\/12\/logo-wb-_-las-dos-con-maqueta-wb.png 1472w, https:\/\/ficcionclimatica.com\/wp-content\/uploads\/2023\/12\/logo-wb-_-las-dos-con-maqueta-wb-300x209.png 300w, https:\/\/ficcionclimatica.com\/wp-content\/uploads\/2023\/12\/logo-wb-_-las-dos-con-maqueta-wb-1024x714.png 1024w, https:\/\/ficcionclimatica.com\/wp-content\/uploads\/2023\/12\/logo-wb-_-las-dos-con-maqueta-wb-768x535.png 768w\" sizes=\"auto, (max-width: 1472px) 100vw, 1472px\" \/><\/a><\/p>\n<p>\u00a0<\/p>\n<\/center><center>\n<h1 style=\"width: 80%; text-align: center;\"><span style=\"color: #ffff00;\"><a style=\"color: #ffff00;\" href=\"http:\/\/www.winterbicycle.com\"><span style=\"text-decoration: underline;\">\u00bfJugamos?<\/span><\/a><\/span><\/h1>\n<h1><a href=\"http:\/\/www.winterbicycle.com\"><img loading=\"lazy\" decoding=\"async\" class=\"alignnone wp-image-1456\" src=\"https:\/\/ficcionclimatica.com\/wp-content\/uploads\/2024\/06\/jugamos.png\" alt=\"\" width=\"358\" height=\"283\" srcset=\"https:\/\/ficcionclimatica.com\/wp-content\/uploads\/2024\/06\/jugamos.png 710w, https:\/\/ficcionclimatica.com\/wp-content\/uploads\/2024\/06\/jugamos-300x237.png 300w\" sizes=\"auto, (max-width: 358px) 100vw, 358px\" \/><\/a><\/h1>\n<h1>\u00a0<\/h1>\n<h1 style=\"width: 80%; text-align: left;\">\u00bfC\u00f3mo se hizo el videojuego?<\/h1>\n<h4 style=\"width: 80%; text-align: justify;\"><strong>Para la realizaci\u00f3n del videojuego hemos utilizando PHP, Canvas HTML5, Javascript y CSS. El objetivo era que la aventura gr\u00e1fica fuese accesible al mayor p\u00fablico posible, independientemente de la plataforma que se utilice para acceder al videojuego. La programaci\u00f3n del videojuego se ha realizado en 8 fases de trabajo, a partir de grupos a los que se hab\u00eda asignado tareas concretas, desde la escritura del gui\u00f3n hasta la programaci\u00f3n HTML y CSS de la p\u00e1gina web. <br \/><\/strong><\/h4>\n<div>\u00a0<\/div>\n<h1 style=\"width: 80%; text-align: justify;\">\u00bfPor qu\u00e9 este videojuego?<\/h1>\n<h4><span style=\"color: #ffffff;\">Este proyecto responde a la necesidad de incorporar en la docencia herramientas creativas que nos permitan enfrentarnos al cambio clim\u00e1tico de una manera propositiva, tal y como demanda la sociedad y las empresas. Es necesario que en las asignaturas de comunicaci\u00f3n audiovisual y publicidad se introduzcan problemas tan relevantes como el cambio clim\u00e1tico, pero esto debe lograrse de una forma org\u00e1nica y que potencie el perfil profesional del alumnado, por ejemplo, a trav\u00e9s de los conocimientos y experiencias que nos ofrecen la narrativa de ficci\u00f3n y la gamificaci\u00f3n.<\/span><\/h4>\n<h4 style=\"text-align: left;\"><span style=\"color: #ffffff;\">Pero adem\u00e1s, el proceso de creaci\u00f3n de la aventura gr\u00e1fica en entorno web (gui\u00f3n del videojuego, dise\u00f1o de personajes, programaci\u00f3n de la interacci\u00f3n web, implementaci\u00f3n del lado servidor, composici\u00f3n m\u00fasical) ha permitido que el alumnado participante adquiera un mayor conocimiento de sus propias capacidades, aptitudes y potencialidades profesionales en estos \u00e1mbitos. En ese sentido, otro de los objetivos del proyecto es ofrecer un contenido formativo que permita a los alumnos y alumnas potenciar sus perfiles profesionales en el campo del videojuego y las narrativas audiovisuales.<\/span><\/h4>\n<h4 style=\"text-align: left;\"><span style=\"color: #ffffff;\">Por \u00faltimo, el proyecto ofrece al profesorado una serie de materiales did\u00e1cticos que puede trasladar a sus propias asignaturas, como fichas de an\u00e1lisis de pel\u00edculas cli-fi, gu\u00edas espec\u00edficas para la redacci\u00f3n de guiones de videojuegos cli-fi, dise\u00f1o de personajes de videojuegos y progamaci\u00f3n de aventuras gr\u00e1ficas en entornos web. Estos materiales, que se realizar\u00e1n para facilitar el trabajo de los alumnos del proyecto estar\u00e1n a disposici\u00f3n de todo el profesorado de los Grados de Comunicaci\u00f3n Audiovisual, Publicidad y Relaciones P\u00fablicas y Musicolog\u00eda.<\/span><\/h4>\n<h4 style=\"text-align: left;\"><span style=\"color: #ffffff;\">Por tanto, los objetivos espec\u00edficos del proyecto ser\u00edan:<\/span><\/h4>\n<h4 style=\"text-align: left;\"><span style=\"color: #ffff00;\">1) Sensibilizar al alumnado y al profesorado sobre las consecuencias del cambio clim\u00e1tico, abriendo un espacio formativo y de debate sobre el fen\u00f3meno.<\/span><\/h4>\n<h4 style=\"text-align: left;\"><span style=\"color: #ffff00;\">2) Ense\u00f1ar de forma pr\u00e1ctica al alumnado de los Grados de Comunicaci\u00f3n Audiovisual y Publicidad y Relaciones P\u00fablicas a dise\u00f1ar y crear una aventura gr\u00e1fica o videojuego para entorno web<\/span><\/h4>\n<h4 style=\"text-align: left;\"><span style=\"color: #ffff00;\">3) Ofrecer al profesorado herramientas y t\u00e9cnicas para introducir el cambio clim\u00e1tico y las narrativas cli-fi en sus asignaturas.<\/span><\/h4>\n<h4 style=\"text-align: left;\"><span style=\"color: #ffff00;\">4) Desarrollar nuevos materiales docentes para el trabajo creativo con narrativas de ficci\u00f3n clim\u00e1tica.<\/span><\/h4>\n<h4 style=\"text-align: left;\"><span style=\"color: #ffff00;\">5) Consolidar el trabajo del laboratorio de innovaci\u00f3n del Departamento, a trav\u00e9s de un trabajo que involucra por igual al profesorado y al alumnado que participa en el proyecto.<\/span><\/h4>\n<h4 style=\"text-align: left;\"><span style=\"color: #ffff00;\">6) Generar herramientas y recursos creativos para tratar el cambio clim\u00e1tico que se puedan extender y adaptar a otras disciplinas.<\/span><\/h4>\n<h4 style=\"text-align: left;\"><span style=\"color: #ffffff;\">Todos estos objetivos son parte de un proceso de creaci\u00f3n orientado al debate y al aprendizaje inmersivo que tiene como principal referencia los escenarios que el Panel Intergubernamental sobre Cambio Clim\u00e1tico (IPCC) ha ido proyectando en sus \u00faltimos informes anuales sobre este fen\u00f3meno.<\/span><\/h4>\n<p>\u00a0<\/p>\n<p>\u00a0<\/p>\n<\/center>\n<p>\u00a0<\/p>\n<h4>\u00a0<\/h4>\n<h4>\u00a0<\/h4>\t\t\t\t\t\t<\/div>\n\t\t\t\t<\/div>\n\t\t\t\t\t<\/div>\n\t\t<\/div>\n\t\t\t\t\t\t\t<\/div>\n\t\t<\/section>\n\t\t\t\t<section class=\"elementor-section elementor-top-section elementor-element elementor-element-25978c8 elementor-section-boxed elementor-section-height-default elementor-section-height-default\" data-id=\"25978c8\" data-element_type=\"section\">\n\t\t\t\t\t\t<div class=\"elementor-container elementor-column-gap-default\">\n\t\t\t\t\t<div class=\"elementor-column elementor-col-100 elementor-top-column elementor-element elementor-element-78ff124\" data-id=\"78ff124\" data-element_type=\"column\">\n\t\t\t<div class=\"elementor-widget-wrap elementor-element-populated\">\n\t\t\t\t\t\t\t\t<div class=\"elementor-element elementor-element-b74849d elementor-widget elementor-widget-text-editor\" data-id=\"b74849d\" data-element_type=\"widget\" data-widget_type=\"text-editor.default\">\n\t\t\t\t<div class=\"elementor-widget-container\">\n\t\t\t\t\t\t\t<p style=\"text-align: center;\"><span style=\"color: #cccccc;\">Proyecto Innova-Docencia 2022-2023 n.\u00ba 330 de la Universidad Complutense de Madrid:<\/span><br \/><span style=\"color: #cccccc;\">\u201cLa ficci\u00f3n clim\u00e1tica como recurso educativo en comunicaci\u00f3n audiovisual y publicidad\u201d.<\/span><\/p>\t\t\t\t\t\t<\/div>\n\t\t\t\t<\/div>\n\t\t\t\t\t<\/div>\n\t\t<\/div>\n\t\t\t\t\t\t\t<\/div>\n\t\t<\/section>\n\t\t\t\t\t\t<\/div>\n\t\t\t\t\t<\/div>\n\t\t","protected":false},"excerpt":{"rendered":"<p>LA PEL\u00cdCULA |\u00a0 NOVELA GR\u00c1FICA\u00a0 |\u00a0 VIDEOJUEGO\u00a0 |\u00a0 \u00a0PROYECTO EDUCATIVO\u00a0 |\u00a0 ANTICIPACI\u00d3N CLIM\u00c1TICA |\u00a0 CONTACTAR\u00a0&#8230;<\/p>\n","protected":false},"author":1,"featured_media":0,"parent":0,"menu_order":0,"comment_status":"closed","ping_status":"closed","template":"elementor_canvas","meta":{"footnotes":""},"class_list":["post-424","page","type-page","status-publish","hentry"],"_links":{"self":[{"href":"https:\/\/ficcionclimatica.com\/index.php?rest_route=\/wp\/v2\/pages\/424","targetHints":{"allow":["GET"]}}],"collection":[{"href":"https:\/\/ficcionclimatica.com\/index.php?rest_route=\/wp\/v2\/pages"}],"about":[{"href":"https:\/\/ficcionclimatica.com\/index.php?rest_route=\/wp\/v2\/types\/page"}],"author":[{"embeddable":true,"href":"https:\/\/ficcionclimatica.com\/index.php?rest_route=\/wp\/v2\/users\/1"}],"replies":[{"embeddable":true,"href":"https:\/\/ficcionclimatica.com\/index.php?rest_route=%2Fwp%2Fv2%2Fcomments&post=424"}],"version-history":[{"count":134,"href":"https:\/\/ficcionclimatica.com\/index.php?rest_route=\/wp\/v2\/pages\/424\/revisions"}],"predecessor-version":[{"id":1501,"href":"https:\/\/ficcionclimatica.com\/index.php?rest_route=\/wp\/v2\/pages\/424\/revisions\/1501"}],"wp:attachment":[{"href":"https:\/\/ficcionclimatica.com\/index.php?rest_route=%2Fwp%2Fv2%2Fmedia&parent=424"}],"curies":[{"name":"wp","href":"https:\/\/api.w.org\/{rel}","templated":true}]}}